{"id":1116,"date":"2025-09-26T16:44:12","date_gmt":"2025-09-26T14:44:12","guid":{"rendered":"https:\/\/temp.appkodit.com\/?page_id=1116"},"modified":"2026-01-15T17:59:39","modified_gmt":"2026-01-15T16:59:39","slug":"schulen","status":"publish","type":"page","link":"https:\/\/cold-candy.com\/de\/schulen\/","title":{"rendered":"Schulen"},"content":{"rendered":"\t\t<div data-elementor-type=\"wp-page\" data-elementor-id=\"1116\" class=\"elementor elementor-1116 elementor-2371\" data-elementor-post-type=\"page\">\n\t\t\t\t<div class=\"elementor-element elementor-element-fecc153 e-flex e-con-boxed e-con e-parent\" data-id=\"fecc153\" data-element_type=\"container\" data-e-type=\"container\" data-settings=\"{&quot;background_background&quot;:&quot;slideshow&quot;,&quot;background_slideshow_gallery&quot;:[{&quot;id&quot;:1431,&quot;url&quot;:&quot;https:\\\/\\\/cold-candy.com\\\/wp-content\\\/uploads\\\/2025\\\/10\\\/COLD-CANDY-TOP-COACHING-BY-HIGHLY-QUALIFIED-TRAINERS-WEBSITE-BANNER-IMAGES-3.webp&quot;},{&quot;id&quot;:5196,&quot;url&quot;:&quot;https:\\\/\\\/cold-candy.com\\\/wp-content\\\/uploads\\\/2026\\\/01\\\/geri-ski-3-scaled.jpg&quot;},{&quot;id&quot;:3417,&quot;url&quot;:&quot;https:\\\/\\\/cold-candy.com\\\/wp-content\\\/uploads\\\/2025\\\/11\\\/snowboard-camp-group.jpg&quot;},{&quot;id&quot;:1468,&quot;url&quot;:&quot;https:\\\/\\\/cold-candy.com\\\/wp-content\\\/uploads\\\/2025\\\/10\\\/COLD-CANDY-TOP-COACHING-BY-HIGHLY-QUALIFIED-TRAINERS-WEBSITE-IMAGES-44.webp&quot;}],&quot;background_slideshow_slide_duration&quot;:3000,&quot;background_slideshow_transition_duration&quot;:1500,&quot;background_slideshow_ken_burns&quot;:&quot;yes&quot;,&quot;background_slideshow_loop&quot;:&quot;yes&quot;,&quot;background_slideshow_slide_transition&quot;:&quot;fade&quot;,&quot;background_slideshow_ken_burns_zoom_direction&quot;:&quot;in&quot;}\">\n\t\t\t\t\t<div class=\"e-con-inner\">\n\t\t<div class=\"elementor-element elementor-element-87a1fab e-con-full e-flex e-con e-child\" data-id=\"87a1fab\" data-element_type=\"container\" data-e-type=\"container\">\n\t\t\t\t<div class=\"elementor-element elementor-element-aa9867a elementor-widget elementor-widget-text-editor\" data-id=\"aa9867a\" data-element_type=\"widget\" data-e-type=\"widget\" data-widget_type=\"text-editor.default\">\n\t\t\t\t\t\t\t\t\t<p class=\"qodef-m-subtitle\">Cold Candy<\/p>\t\t\t\t\t\t\t\t<\/div>\n\t\t\t\t<div class=\"elementor-element elementor-element-2bda580 elementor-widget elementor-widget-heading\" data-id=\"2bda580\" data-element_type=\"widget\" data-e-type=\"widget\" data-widget_type=\"heading.default\">\n\t\t\t\t\t<h2 class=\"elementor-heading-title elementor-size-default\">Schulausfl\u00fcge<\/h2>\t\t\t\t<\/div>\n\t\t\t\t<div class=\"elementor-element elementor-element-3730d36 elementor-widget__width-initial elementor-widget-tablet__width-inherit elementor-widget elementor-widget-text-editor\" data-id=\"3730d36\" data-element_type=\"widget\" data-e-type=\"widget\" data-widget_type=\"text-editor.default\">\n\t\t\t\t\t\t\t\t\t<p><strong data-start=\"190\" data-end=\"272\">Lernen au\u00dferhalb des Klassenzimmers \u2013 ein unvergessliches Abenteuer im Schnee!<\/strong><\/p>\n<p>G\u00f6nnen Sie sich und Ihren Sch\u00fclern einen perfekt organisierten Ski- und Snowboardurlaub in \u00d6sterreich. Mit Cold Candy genie\u00dfen Sie eine stressfreie Schulfahrt \u2013 beste Betreuung, Unterst\u00fctzung und Training f\u00fcr Ihre Sch\u00fcler. Keine b\u00f6sen \u00dcberraschungen!   <\/p>\t\t\t\t\t\t\t\t<\/div>\n\t\t\t\t<\/div>\n\t\t\t\t\t<\/div>\n\t\t\t\t<\/div>\n\t\t\t\t<section class=\"elementor-section elementor-top-section elementor-element elementor-element-ad87c00 elementor-section-content-middle elementor-section-boxed elementor-section-height-default elementor-section-height-default\" data-id=\"ad87c00\" data-element_type=\"section\" data-e-type=\"section\" data-settings=\"{&quot;background_background&quot;:&quot;classic&quot;}\">\n\t\t\t\t\t\t<div class=\"elementor-container elementor-column-gap-no\">\n\t\t\t\t\t<div class=\"elementor-column elementor-col-50 elementor-top-column elementor-element elementor-element-63add4e\" data-id=\"63add4e\" data-element_type=\"column\" data-e-type=\"column\" data-settings=\"{&quot;background_background&quot;:&quot;classic&quot;}\">\n\t\t\t<div class=\"elementor-widget-wrap elementor-element-populated\">\n\t\t\t\t\t\t<div class=\"elementor-element elementor-element-17cf1bb elementor-widget elementor-widget-spacer\" data-id=\"17cf1bb\" data-element_type=\"widget\" data-e-type=\"widget\" data-widget_type=\"spacer.default\">\n\t\t\t\t\t\t\t<div class=\"elementor-spacer\">\n\t\t\t<div class=\"elementor-spacer-inner\"><\/div>\n\t\t<\/div>\n\t\t\t\t\t\t<\/div>\n\t\t\t\t\t<\/div>\n\t\t<\/div>\n\t\t\t\t<div class=\"elementor-column elementor-col-50 elementor-top-column elementor-element elementor-element-53f5784\" data-id=\"53f5784\" data-element_type=\"column\" data-e-type=\"column\">\n\t\t\t<div class=\"elementor-widget-wrap elementor-element-populated\">\n\t\t\t\t<div class=\"elementor-element elementor-element-21d176c e-flex e-con-boxed e-con e-parent\" data-id=\"21d176c\" data-element_type=\"container\" data-e-type=\"container\">\n\t\t\t\t\t<div class=\"e-con-inner\">\n\t\t\t\t<div class=\"elementor-element elementor-element-0a9184f elementor-widget elementor-widget-text-editor\" data-id=\"0a9184f\" data-element_type=\"widget\" data-e-type=\"widget\" data-widget_type=\"text-editor.default\">\n\t\t\t\t\t\t\t\t\t<p class=\"qodef-m-subtitle\">Stressfrei f\u00fcr Lehrer und Sch\u00fcler<\/p>\t\t\t\t\t\t\t\t<\/div>\n\t\t\t\t<div class=\"elementor-element elementor-element-8dbe754 elementor-widget elementor-widget-heading\" data-id=\"8dbe754\" data-element_type=\"widget\" data-e-type=\"widget\" data-widget_type=\"heading.default\">\n\t\t\t\t\t<h2 class=\"elementor-heading-title elementor-size-default\">Perfekt organisiert<\/h2>\t\t\t\t<\/div>\n\t\t\t\t\t<\/div>\n\t\t\t\t<\/div>\n\t\t\t\t<div class=\"elementor-element elementor-element-0ece5f1 elementor-widget__width-initial elementor-widget-mobile__width-inherit elementor-widget elementor-widget-text-editor\" data-id=\"0ece5f1\" data-element_type=\"widget\" data-e-type=\"widget\" data-widget_type=\"text-editor.default\">\n\t\t\t\t\t\t\t\t\t<p data-start=\"603\" data-end=\"862\">Unsere ma\u00dfgeschneiderten Schulausfl\u00fcge eignen sich f\u00fcr alle K\u00f6nnensstufen \u2013 vom Anf\u00e4nger bis zum fortgeschrittenen Skifahrer und Snowboarder. Wir \u00fcbernehmen die gesamte Organisation, sodass sich Lehrer und Betreuer auf andere Aufgaben konzentrieren k\u00f6nnen.   <\/p><p data-start=\"864\" data-end=\"1092\">Wir betreuen Schulen aus Gro\u00dfbritannien, den Vereinigten Arabischen Emiraten, Deutschland, den Niederlanden, Skandinavien, Irland, Spanien und dem Rest der Welt. Dank unserer Erfahrung und individuellen Betreuung verl\u00e4uft Ihre Schulfahrt reibungslos und sicher.   <\/p><p data-start=\"1094\" data-end=\"1130\"><strong data-start=\"1094\" data-end=\"1128\">Unsere Schulausfl\u00fcge k\u00f6nnen Folgendes beinhalten:<\/strong><\/p><ul><li data-start=\"1133\" data-end=\"1161\">Unterkunft mit Halbpension<\/li><li data-start=\"1164\" data-end=\"1187\">Skip\u00e4sse &amp; Skiverleih<\/li><li data-start=\"1190\" data-end=\"1218\">Gruppen mit maximal 8 Personen<\/li><li data-start=\"1221\" data-end=\"1300\">Skiunterricht mit erfahrenen und h\u00f6her qualifizierten Skilehrern (keine Skilehrer der Stufen 1 und 2).<\/li><li data-start=\"1303\" data-end=\"1337\">Flexible Programme und Aktivit\u00e4ten<\/li><\/ul>\t\t\t\t\t\t\t\t<\/div>\n\t\t\t\t\t<\/div>\n\t\t<\/div>\n\t\t\t\t\t<\/div>\n\t\t<\/section>\n\t\t<div class=\"elementor-element elementor-element-417df4b e-flex e-con-boxed e-con e-parent\" data-id=\"417df4b\" data-element_type=\"container\" data-e-type=\"container\">\n\t\t\t\t\t<div class=\"e-con-inner\">\n\t\t<div class=\"elementor-element elementor-element-625b6ca e-con-full e-flex e-con e-child\" data-id=\"625b6ca\" data-element_type=\"container\" data-e-type=\"container\">\n\t\t<div class=\"elementor-element elementor-element-0886945 e-con-full e-flex e-con e-child\" data-id=\"0886945\" data-element_type=\"container\" data-e-type=\"container\" data-settings=\"{&quot;sticky&quot;:&quot;top&quot;,&quot;sticky_parent&quot;:&quot;yes&quot;,&quot;sticky_on&quot;:[&quot;desktop&quot;,&quot;tablet&quot;,&quot;mobile&quot;],&quot;sticky_offset&quot;:0,&quot;sticky_effects_offset&quot;:0,&quot;sticky_anchor_link_offset&quot;:0}\">\n\t\t\t\t<div class=\"elementor-element elementor-element-d7f0217 elementor-widget-tablet__width-initial elementor-widget elementor-widget-heading\" data-id=\"d7f0217\" data-element_type=\"widget\" data-e-type=\"widget\" data-widget_type=\"heading.default\">\n\t\t\t\t\t<h2 class=\"elementor-heading-title elementor-size-default\">Warum Cold Candy?<\/h2>\t\t\t\t<\/div>\n\t\t\t\t<\/div>\n\t\t\t\t<\/div>\n\t\t<div class=\"elementor-element elementor-element-b42eac1 e-con-full e-flex e-con e-child\" data-id=\"b42eac1\" data-element_type=\"container\" data-e-type=\"container\">\n\t\t<div class=\"elementor-element elementor-element-aa008d9 e-grid e-con-full e-con e-child\" data-id=\"aa008d9\" data-element_type=\"container\" data-e-type=\"container\">\n\t\t\t\t<div class=\"elementor-element elementor-element-913c5e4 elementor-position-inline-start elementor-mobile-position-inline-start elementor-view-default elementor-widget elementor-widget-icon-box\" data-id=\"913c5e4\" data-element_type=\"widget\" data-e-type=\"widget\" data-widget_type=\"icon-box.default\">\n\t\t\t\t\t\t\t<div class=\"elementor-icon-box-wrapper\">\n\n\t\t\t\t\t\t<div class=\"elementor-icon-box-icon\">\n\t\t\t\t<span  class=\"elementor-icon\">\n\t\t\t\t<svg aria-hidden=\"true\" class=\"e-font-icon-svg e-fas-user-tie\" viewBox=\"0 0 448 512\" xmlns=\"http:\/\/www.w3.org\/2000\/svg\"><path d=\"M224 256c70.7 0 128-57.3 128-128S294.7 0 224 0 96 57.3 96 128s57.3 128 128 128zm95.8 32.6L272 480l-32-136 32-56h-96l32 56-32 136-47.8-191.4C56.9 292 0 350.3 0 422.4V464c0 26.5 21.5 48 48 48h352c26.5 0 48-21.5 48-48v-41.6c0-72.1-56.9-130.4-128.2-133.8z\"><\/path><\/svg>\t\t\t\t<\/span>\n\t\t\t<\/div>\n\t\t\t\n\t\t\t\t\t\t<div class=\"elementor-icon-box-content\">\n\n\t\t\t\t\t\t\t\t\t<h3 class=\"elementor-icon-box-title\">\n\t\t\t\t\t\t<span  >\n\t\t\t\t\t\t\tExpertise\t\t\t\t\t\t<\/span>\n\t\t\t\t\t<\/h3>\n\t\t\t\t\n\t\t\t\t\t\t\t\t\t<p class=\"elementor-icon-box-description\">\n\t\t\t\t\t\tDank unserer langj\u00e4hrigen Erfahrung k\u00f6nnen Sie sich darauf verlassen, dass Ihre Reise in sicheren H\u00e4nden ist.\t\t\t\t\t<\/p>\n\t\t\t\t\n\t\t\t<\/div>\n\t\t\t\n\t\t<\/div>\n\t\t\t\t\t\t<\/div>\n\t\t\t\t<div class=\"elementor-element elementor-element-79bd8a8 elementor-position-inline-start elementor-mobile-position-inline-start elementor-view-default elementor-widget elementor-widget-icon-box\" data-id=\"79bd8a8\" data-element_type=\"widget\" data-e-type=\"widget\" data-widget_type=\"icon-box.default\">\n\t\t\t\t\t\t\t<div class=\"elementor-icon-box-wrapper\">\n\n\t\t\t\t\t\t<div class=\"elementor-icon-box-icon\">\n\t\t\t\t<span  class=\"elementor-icon\">\n\t\t\t\t<svg aria-hidden=\"true\" class=\"e-font-icon-svg e-fas-box-open\" viewBox=\"0 0 640 512\" xmlns=\"http:\/\/www.w3.org\/2000\/svg\"><path d=\"M425.7 256c-16.9 0-32.8-9-41.4-23.4L320 126l-64.2 106.6c-8.7 14.5-24.6 23.5-41.5 23.5-4.5 0-9-.6-13.3-1.9L64 215v178c0 14.7 10 27.5 24.2 31l216.2 54.1c10.2 2.5 20.9 2.5 31 0L551.8 424c14.2-3.6 24.2-16.4 24.2-31V215l-137 39.1c-4.3 1.3-8.8 1.9-13.3 1.9zm212.6-112.2L586.8 41c-3.1-6.2-9.8-9.8-16.7-8.9L320 64l91.7 152.1c3.8 6.3 11.4 9.3 18.5 7.3l197.9-56.5c9.9-2.9 14.7-13.9 10.2-23.1zM53.2 41L1.7 143.8c-4.6 9.2.3 20.2 10.1 23l197.9 56.5c7.1 2 14.7-1 18.5-7.3L320 64 69.8 32.1c-6.9-.8-13.5 2.7-16.6 8.9z\"><\/path><\/svg>\t\t\t\t<\/span>\n\t\t\t<\/div>\n\t\t\t\n\t\t\t\t\t\t<div class=\"elementor-icon-box-content\">\n\n\t\t\t\t\t\t\t\t\t<h3 class=\"elementor-icon-box-title\">\n\t\t\t\t\t\t<span  >\n\t\t\t\t\t\t\tUmfassende Pakete mit Qualit\u00e4t\t\t\t\t\t\t<\/span>\n\t\t\t\t\t<\/h3>\n\t\t\t\t\n\t\t\t\t\t\t\t\t\t<p class=\"elementor-icon-box-description\">\n\t\t\t\t\t\tWir bieten Halbpension, Skip\u00e4sse, Skiverleih, Mittagessen und Skikurse \u2013 zum garantiert besten Preis!\t\t\t\t\t<\/p>\n\t\t\t\t\n\t\t\t<\/div>\n\t\t\t\n\t\t<\/div>\n\t\t\t\t\t\t<\/div>\n\t\t\t\t<div class=\"elementor-element elementor-element-5599617 elementor-position-inline-start elementor-mobile-position-inline-start elementor-view-default elementor-widget elementor-widget-icon-box\" data-id=\"5599617\" data-element_type=\"widget\" data-e-type=\"widget\" data-widget_type=\"icon-box.default\">\n\t\t\t\t\t\t\t<div class=\"elementor-icon-box-wrapper\">\n\n\t\t\t\t\t\t<div class=\"elementor-icon-box-icon\">\n\t\t\t\t<span  class=\"elementor-icon\">\n\t\t\t\t<i aria-hidden=\"true\" class=\"icon icon-tag2\"><\/i>\t\t\t\t<\/span>\n\t\t\t<\/div>\n\t\t\t\n\t\t\t\t\t\t<div class=\"elementor-icon-box-content\">\n\n\t\t\t\t\t\t\t\t\t<h3 class=\"elementor-icon-box-title\">\n\t\t\t\t\t\t<span  >\n\t\t\t\t\t\t\tBestpreisgarantie\t\t\t\t\t\t<\/span>\n\t\t\t\t\t<\/h3>\n\t\t\t\t\n\t\t\t\t\t\t\t\t\t<p class=\"elementor-icon-box-description\">\n\t\t\t\t\t\tProfitieren Sie vom besten Preis-Leistungs-Verh\u00e4ltnis in einem der besten Skigebiete \u00d6sterreichs \u2013 Kaprun, Zell am See und Saalbach-Hinterglemm.\t\t\t\t\t<\/p>\n\t\t\t\t\n\t\t\t<\/div>\n\t\t\t\n\t\t<\/div>\n\t\t\t\t\t\t<\/div>\n\t\t\t\t<div class=\"elementor-element elementor-element-400b6ad elementor-position-inline-start elementor-mobile-position-inline-start elementor-view-default elementor-widget elementor-widget-icon-box\" data-id=\"400b6ad\" data-element_type=\"widget\" data-e-type=\"widget\" data-widget_type=\"icon-box.default\">\n\t\t\t\t\t\t\t<div class=\"elementor-icon-box-wrapper\">\n\n\t\t\t\t\t\t<div class=\"elementor-icon-box-icon\">\n\t\t\t\t<span  class=\"elementor-icon\">\n\t\t\t\t<i aria-hidden=\"true\" class=\"icon icon-trophy\"><\/i>\t\t\t\t<\/span>\n\t\t\t<\/div>\n\t\t\t\n\t\t\t\t\t\t<div class=\"elementor-icon-box-content\">\n\n\t\t\t\t\t\t\t\t\t<h3 class=\"elementor-icon-box-title\">\n\t\t\t\t\t\t<span  >\n\t\t\t\t\t\t\tHohe Qualit\u00e4t\t\t\t\t\t\t<\/span>\n\t\t\t\t\t<\/h3>\n\t\t\t\t\n\t\t\t\t\t\t\t\t\t<p class=\"elementor-icon-box-description\">\n\t\t\t\t\t\tWir bieten eine breite Palette an Paketen und individuell zugeschnittenen Angeboten, die Ihren spezifischen Bed\u00fcrfnissen gerecht werden. Unser Ziel ist es, Ihren Sch\u00fclern unvergessliche Erlebnisse zu erm\u00f6glichen.   \t\t\t\t\t<\/p>\n\t\t\t\t\n\t\t\t<\/div>\n\t\t\t\n\t\t<\/div>\n\t\t\t\t\t\t<\/div>\n\t\t\t\t<\/div>\n\t\t\t\t<\/div>\n\t\t\t\t\t<\/div>\n\t\t\t\t<\/div>\n\t\t\t\t<section class=\"elementor-section elementor-top-section elementor-element elementor-element-199f7bc elementor-section-content-middle elementor-section-boxed elementor-section-height-default elementor-section-height-default\" data-id=\"199f7bc\" data-element_type=\"section\" data-e-type=\"section\" data-settings=\"{&quot;background_background&quot;:&quot;classic&quot;}\">\n\t\t\t\t\t\t<div class=\"elementor-container elementor-column-gap-no\">\n\t\t\t\t\t<div class=\"elementor-column elementor-col-100 elementor-top-column elementor-element elementor-element-b2f4fd2\" data-id=\"b2f4fd2\" data-element_type=\"column\" data-e-type=\"column\">\n\t\t\t<div class=\"elementor-widget-wrap elementor-element-populated\">\n\t\t\t\t<div class=\"elementor-element elementor-element-df86dee e-con-full e-flex e-con e-child\" data-id=\"df86dee\" data-element_type=\"container\" data-e-type=\"container\">\n\t\t\t\t<div class=\"elementor-element elementor-element-478a105 elementor-widget elementor-widget-text-editor\" data-id=\"478a105\" data-element_type=\"widget\" data-e-type=\"widget\" data-widget_type=\"text-editor.default\">\n\t\t\t\t\t\t\t\t\t<p class=\"qodef-m-subtitle\">Schulausfl\u00fcge<\/p>\t\t\t\t\t\t\t\t<\/div>\n\t\t\t\t<div class=\"elementor-element elementor-element-fc1462c elementor-widget elementor-widget-heading\" data-id=\"fc1462c\" data-element_type=\"widget\" data-e-type=\"widget\" data-widget_type=\"heading.default\">\n\t\t\t\t\t<h2 class=\"elementor-heading-title elementor-size-default\">Inklusive<\/h2>\t\t\t\t<\/div>\n\t\t\t\t<\/div>\n\t\t<div class=\"elementor-element elementor-element-26bd1d3 e-con-full e-flex e-con e-parent\" data-id=\"26bd1d3\" data-element_type=\"container\" data-e-type=\"container\">\n\t\t\t\t<div class=\"elementor-element elementor-element-ae8588e elementor-widget__width-auto elementor-widget elementor-widget-icon-box\" data-id=\"ae8588e\" data-element_type=\"widget\" data-e-type=\"widget\" data-widget_type=\"icon-box.default\">\n\t\t\t\t\t\t\t<div class=\"elementor-icon-box-wrapper\">\n\n\t\t\t\n\t\t\t\t\t\t<div class=\"elementor-icon-box-content\">\n\n\t\t\t\t\t\t\t\t\t<h3 class=\"elementor-icon-box-title\">\n\t\t\t\t\t\t<span  >\n\t\t\t\t\t\t\tZell am See\t\t\t\t\t\t<\/span>\n\t\t\t\t\t<\/h3>\n\t\t\t\t\n\t\t\t\t\t\t\t\t\t<p class=\"elementor-icon-box-description\">\n\t\t\t\t\t\t<ul>\n \t<li data-start=\"2161\" data-end=\"2199\">Wundersch\u00f6ne Alpenlandschaft mit See<\/li>\n \t<li data-start=\"2202\" data-end=\"2240\">Fu\u00dfg\u00e4ngerzone mit Caf\u00e9s und Gesch\u00e4ften<\/li>\n \t<li data-start=\"2243\" data-end=\"2288\">Sportzentrum mit Hallenbad, Kletterwand und mehr<\/li>\n \t<li data-start=\"2291\" data-end=\"2320\">Skigebiet mit 408 km Pisten<\/li>\n<\/ul>\t\t\t\t\t<\/p>\n\t\t\t\t\n\t\t\t<\/div>\n\t\t\t\n\t\t<\/div>\n\t\t\t\t\t\t<\/div>\n\t\t\t\t<div class=\"elementor-element elementor-element-46c0f19 elementor-widget__width-auto elementor-widget elementor-widget-icon-box\" data-id=\"46c0f19\" data-element_type=\"widget\" data-e-type=\"widget\" data-widget_type=\"icon-box.default\">\n\t\t\t\t\t\t\t<div class=\"elementor-icon-box-wrapper\">\n\n\t\t\t\n\t\t\t\t\t\t<div class=\"elementor-icon-box-content\">\n\n\t\t\t\t\t\t\t\t\t<h3 class=\"elementor-icon-box-title\">\n\t\t\t\t\t\t<span  >\n\t\t\t\t\t\t\tKaprun\t\t\t\t\t\t<\/span>\n\t\t\t\t\t<\/h3>\n\t\t\t\t\n\t\t\t\t\t\t\t\t\t<p class=\"elementor-icon-box-description\">\n\t\t\t\t\t\t<ul>\n \t<li data-start=\"2337\" data-end=\"2372\">Schneesicheres Gletscherskigebiet<\/li>\n \t<li data-start=\"2375\" data-end=\"2408\">Ideal f\u00fcr Anf\u00e4nger bis Experten<\/li>\n \t<li data-start=\"2411\" data-end=\"2453\">Klar und perfekt f\u00fcr Schulgruppen<\/li>\n \t<li data-start=\"2456\" data-end=\"2496\">Breites Angebot an Freizeitaktivit\u00e4ten abseits der Pisten<\/li>\n<\/ul>\t\t\t\t\t<\/p>\n\t\t\t\t\n\t\t\t<\/div>\n\t\t\t\n\t\t<\/div>\n\t\t\t\t\t\t<\/div>\n\t\t\t\t<div class=\"elementor-element elementor-element-9ebfb8e elementor-widget__width-auto elementor-widget elementor-widget-icon-box\" data-id=\"9ebfb8e\" data-element_type=\"widget\" data-e-type=\"widget\" data-widget_type=\"icon-box.default\">\n\t\t\t\t\t\t\t<div class=\"elementor-icon-box-wrapper\">\n\n\t\t\t\n\t\t\t\t\t\t<div class=\"elementor-icon-box-content\">\n\n\t\t\t\t\t\t\t\t\t<h3 class=\"elementor-icon-box-title\">\n\t\t\t\t\t\t<span  >\n\t\t\t\t\t\t\tKitzb\u00fchel\t\t\t\t\t\t<\/span>\n\t\t\t\t\t<\/h3>\n\t\t\t\t\n\t\t\t\t\t\t\t\t\t<p class=\"elementor-icon-box-description\">\n\t\t\t\t\t\t<ul>\n \t<li>Charmante Altstadt &amp; autofreies Zentrum<\/li>\n \t<li>Eines der beliebtesten Skigebiete der Welt<\/li>\n \t<li>Vielf\u00e4ltige Skim\u00f6glichkeiten und Aktivit\u00e4ten<\/li>\n \t<li>Verkehrsfreies Zentrum, ideal f\u00fcr Schulgruppen<\/li>\n<\/ul>\t\t\t\t\t<\/p>\n\t\t\t\t\n\t\t\t<\/div>\n\t\t\t\n\t\t<\/div>\n\t\t\t\t\t\t<\/div>\n\t\t\t\t<\/div>\n\t\t\t\t\t<\/div>\n\t\t<\/div>\n\t\t\t\t\t<\/div>\n\t\t<\/section>\n\t\t\t\t<section class=\"elementor-section elementor-top-section elementor-element elementor-element-6e1fd81 elementor-section-boxed elementor-section-height-default elementor-section-height-default\" data-id=\"6e1fd81\" data-element_type=\"section\" data-e-type=\"section\" data-settings=\"{&quot;background_background&quot;:&quot;slideshow&quot;,&quot;background_slideshow_gallery&quot;:[{&quot;id&quot;:1441,&quot;url&quot;:&quot;https:\\\/\\\/cold-candy.com\\\/wp-content\\\/uploads\\\/2025\\\/10\\\/COLD-CANDY-TOP-COACHING-BY-HIGHLY-QUALIFIED-TRAINERS-WEBSITE-BANNER-IMAGES-11.webp&quot;},{&quot;id&quot;:1442,&quot;url&quot;:&quot;https:\\\/\\\/cold-candy.com\\\/wp-content\\\/uploads\\\/2025\\\/10\\\/COLD-CANDY-TOP-COACHING-BY-HIGHLY-QUALIFIED-TRAINERS-WEBSITE-IMAGES-12.webp&quot;},{&quot;id&quot;:1439,&quot;url&quot;:&quot;https:\\\/\\\/cold-candy.com\\\/wp-content\\\/uploads\\\/2025\\\/10\\\/COLD-CANDY-TOP-COACHING-BY-HIGHLY-QUALIFIED-TRAINERS-WEBSITE-BANNER-IMAGES-10.webp&quot;}],&quot;background_slideshow_slide_duration&quot;:2000,&quot;background_slideshow_transition_duration&quot;:1500,&quot;background_slideshow_loop&quot;:&quot;yes&quot;,&quot;background_slideshow_slide_transition&quot;:&quot;fade&quot;}\">\n\t\t\t\t\t\t\t<div class=\"elementor-background-overlay\"><\/div>\n\t\t\t\t\t\t\t<div class=\"elementor-container elementor-column-gap-default\">\n\t\t\t\t\t<div class=\"elementor-column elementor-col-100 elementor-top-column elementor-element elementor-element-79451f7\" data-id=\"79451f7\" data-element_type=\"column\" data-e-type=\"column\">\n\t\t\t<div class=\"elementor-widget-wrap elementor-element-populated\">\n\t\t\t\t<div class=\"elementor-element elementor-element-77ba40c e-flex e-con-boxed e-con e-parent\" data-id=\"77ba40c\" data-element_type=\"container\" data-e-type=\"container\">\n\t\t\t\t\t<div class=\"e-con-inner\">\n\t\t\t\t<div class=\"elementor-element elementor-element-33c8b07 elementor-widget__width-inherit elementor-widget elementor-widget-heading\" data-id=\"33c8b07\" data-element_type=\"widget\" data-e-type=\"widget\" data-widget_type=\"heading.default\">\n\t\t\t\t\t<h2 class=\"elementor-heading-title elementor-size-default\">Kontaktieren Sie uns<\/h2>\t\t\t\t<\/div>\n\t\t\t\t<div class=\"elementor-element elementor-element-b98e8e2 elementor-align-center elementor-mobile-align-justify elementor-widget-mobile__width-inherit elementor-widget__width-inherit elementor-invisible elementor-widget elementor-widget-button\" data-id=\"b98e8e2\" data-element_type=\"widget\" data-e-type=\"widget\" data-settings=\"{&quot;_animation&quot;:&quot;fadeIn&quot;,&quot;_animation_mobile&quot;:&quot;fadeIn&quot;}\" data-widget_type=\"button.default\">\n\t\t\t\t\t\t\t\t\t\t<a class=\"elementor-button elementor-button-link elementor-size-sm elementor-animation-sink\" href=\"https:\/\/cold-candy.com\/de\/kontakt\/\">\n\t\t\t\t\t\t<span class=\"elementor-button-content-wrapper\">\n\t\t\t\t\t\t\t\t\t<span class=\"elementor-button-text\">Kontakt<\/span>\n\t\t\t\t\t<\/span>\n\t\t\t\t\t<\/a>\n\t\t\t\t\t\t\t\t<\/div>\n\t\t\t\t\t<\/div>\n\t\t\t\t<\/div>\n\t\t\t\t\t<\/div>\n\t\t<\/div>\n\t\t\t\t\t<\/div>\n\t\t<\/section>\n\t\t\t\t<\/div>\n\t\t","protected":false},"excerpt":{"rendered":"<p>Cold Candy Schulausfl\u00fcge Lernen au\u00dferhalb des Klassenzimmers \u2013 ein unvergessliches Abenteuer im Schnee! G\u00f6nnen Sie sich und Ihren Sch\u00fclern einen perfekt organisierten Ski- und Snowboardurlaub in \u00d6sterreich. Mit Cold Candy genie\u00dfen Sie eine stressfreie Schulfahrt \u2013 beste Betreuung, Unterst\u00fctzung und Training f\u00fcr Ihre Sch\u00fcler. Keine b\u00f6sen \u00dcberraschungen! Stressfrei f\u00fcr Lehrer und Sch\u00fcler Perfekt organisiert Unsere [&hellip;]<\/p>\n","protected":false},"author":2,"featured_media":0,"parent":0,"menu_order":0,"comment_status":"closed","ping_status":"closed","template":"elementor_header_footer","meta":{"_acf_changed":false,"om_disable_all_campaigns":false,"footnotes":""},"class_list":["post-1116","page","type-page","status-publish","hentry"],"acf":[],"_links":{"self":[{"href":"https:\/\/cold-candy.com\/de\/wp-json\/wp\/v2\/pages\/1116","targetHints":{"allow":["GET"]}}],"collection":[{"href":"https:\/\/cold-candy.com\/de\/wp-json\/wp\/v2\/pages"}],"about":[{"href":"https:\/\/cold-candy.com\/de\/wp-json\/wp\/v2\/types\/page"}],"author":[{"embeddable":true,"href":"https:\/\/cold-candy.com\/de\/wp-json\/wp\/v2\/users\/2"}],"replies":[{"embeddable":true,"href":"https:\/\/cold-candy.com\/de\/wp-json\/wp\/v2\/comments?post=1116"}],"version-history":[{"count":2,"href":"https:\/\/cold-candy.com\/de\/wp-json\/wp\/v2\/pages\/1116\/revisions"}],"predecessor-version":[{"id":5474,"href":"https:\/\/cold-candy.com\/de\/wp-json\/wp\/v2\/pages\/1116\/revisions\/5474"}],"wp:attachment":[{"href":"https:\/\/cold-candy.com\/de\/wp-json\/wp\/v2\/media?parent=1116"}],"curies":[{"name":"wp","href":"https:\/\/api.w.org\/{rel}","templated":true}]}}